{"id":68,"date":"2025-12-20T22:14:32","date_gmt":"2025-12-20T21:14:32","guid":{"rendered":"https:\/\/azarboutique.com\/?post_type=product&#038;p=68"},"modified":"2026-01-25T15:38:07","modified_gmt":"2026-01-25T14:38:07","slug":"adidas-thinlight-sportswear-ankle-socks-3-pair-pack-ic1283","status":"publish","type":"product","link":"https:\/\/azarboutique.com\/ar\/product\/adidas-thinlight-sportswear-ankle-socks-3-pair-pack-ic1283\/","title":{"rendered":"Adidas Thin&#038;Light Sportswear Ankle Socks 3 Pair Pack &#8211; IC1283"},"content":{"rendered":"<p>Con\u00e7ues avec un soutien de la vo\u00fbte plantaire, un avant-pied sans coutures et une touche de stretch, ces socquettes l\u00e9g\u00e8res sont parfaites pour tous les jours. Un logo adidas Badge of Sport contrast\u00e9 rehausse la cheville. Elles sont vendues par lot de trois pour que tu aies toujours une paire \u00e0 disposition.<\/p>\n<p>Ce produit est compos\u00e9 au moins \u00e0 50\u00a0% d&#8217;un m\u00e9lange de mat\u00e9riaux recycl\u00e9s et renouvelables.<\/p>","protected":false},"excerpt":{"rendered":"<p>Con\u00e7ues avec un soutien de la vo\u00fbte plantaire, un avant-pied sans coutures et une touche de stretch, ces socquettes l\u00e9g\u00e8res&#8230;<\/p>","protected":false},"featured_media":69,"comment_status":"open","ping_status":"closed","template":"","meta":[],"product_brand":[],"product_cat":[15],"product_tag":[],"class_list":{"0":"post-68","1":"product","2":"type-product","3":"status-publish","4":"has-post-thumbnail","6":"product_cat-uncategorized","8":"first","9":"instock","10":"shipping-taxable","11":"purchasable","12":"product-type-variable"},"_links":{"self":[{"href":"https:\/\/azarboutique.com\/ar\/wp-json\/wp\/v2\/product\/68","targetHints":{"allow":["GET"]}}],"collection":[{"href":"https:\/\/azarboutique.com\/ar\/wp-json\/wp\/v2\/product"}],"about":[{"href":"https:\/\/azarboutique.com\/ar\/wp-json\/wp\/v2\/types\/product"}],"replies":[{"embeddable":true,"href":"https:\/\/azarboutique.com\/ar\/wp-json\/wp\/v2\/comments?post=68"}],"wp:featuredmedia":[{"embeddable":true,"href":"https:\/\/azarboutique.com\/ar\/wp-json\/wp\/v2\/media\/69"}],"wp:attachment":[{"href":"https:\/\/azarboutique.com\/ar\/wp-json\/wp\/v2\/media?parent=68"}],"wp:term":[{"taxonomy":"product_brand","embeddable":true,"href":"https:\/\/azarboutique.com\/ar\/wp-json\/wp\/v2\/product_brand?post=68"},{"taxonomy":"product_cat","embeddable":true,"href":"https:\/\/azarboutique.com\/ar\/wp-json\/wp\/v2\/product_cat?post=68"},{"taxonomy":"product_tag","embeddable":true,"href":"https:\/\/azarboutique.com\/ar\/wp-json\/wp\/v2\/product_tag?post=68"}],"curies":[{"name":"wp","href":"https:\/\/api.w.org\/{rel}","templated":true}]}}