{"id":62,"date":"2025-12-20T16:41:33","date_gmt":"2025-12-20T15:41:33","guid":{"rendered":"https:\/\/azarboutique.com\/?post_type=product&#038;p=62"},"modified":"2025-12-20T21:17:58","modified_gmt":"2025-12-20T20:17:58","slug":"adidas-chaussure-vl-court-3-0-enfants-blanc-id9062","status":"publish","type":"product","link":"https:\/\/azarboutique.com\/ar\/product\/adidas-chaussure-vl-court-3-0-enfants-blanc-id9062\/","title":{"rendered":"Adidas Chaussure Vl Court 3.0 Enfants &#8211; Blanc &#8211; ID9062"},"content":{"rendered":"<p>Quand ils n&#8217;ont pas le temps de changer de tenue, il faut une sneaker qui aille avec tout. Con\u00e7ue en su\u00e8de doux, cette sneaker adidas enfants accompagne les kids de l&#8217;aire de jeux au d\u00eener, sans faire de compromis sur le confort. L&#8217;amorti l\u00e9ger assure un maintien cibl\u00e9 tandis que la semelle ext\u00e9rieure en caoutchouc vulcanis\u00e9 allie r\u00e9sistance et souplesse.<\/p>\n<p>Ce produit contient au moins 20 % de mat\u00e9riaux recycl\u00e9s. En r\u00e9utilisant des mat\u00e9riaux d\u00e9j\u00e0 cr\u00e9\u00e9s, nous contribuons \u00e0 r\u00e9duire les d\u00e9chets et notre d\u00e9pendance aux ressources limit\u00e9es, afin de r\u00e9duire l&#8217;empreinte \u00e9cologique des produits que nous fabriquons.<\/p>","protected":false},"excerpt":{"rendered":"<p>Quand ils n&#8217;ont pas le temps de changer de tenue, il faut une sneaker qui aille avec tout. Con\u00e7ue en&#8230;<\/p>","protected":false},"featured_media":67,"comment_status":"open","ping_status":"closed","template":"","meta":[],"product_brand":[],"product_cat":[19,18,15],"product_tag":[20],"class_list":{"0":"post-62","1":"product","2":"type-product","3":"status-publish","4":"has-post-thumbnail","6":"product_cat-chaussures","7":"product_cat-homme","8":"product_cat-uncategorized","9":"product_tag-homme_chaussures","11":"first","12":"instock","13":"sale","14":"shipping-taxable","15":"purchasable","16":"product-type-simple"},"_links":{"self":[{"href":"https:\/\/azarboutique.com\/ar\/wp-json\/wp\/v2\/product\/62","targetHints":{"allow":["GET"]}}],"collection":[{"href":"https:\/\/azarboutique.com\/ar\/wp-json\/wp\/v2\/product"}],"about":[{"href":"https:\/\/azarboutique.com\/ar\/wp-json\/wp\/v2\/types\/product"}],"replies":[{"embeddable":true,"href":"https:\/\/azarboutique.com\/ar\/wp-json\/wp\/v2\/comments?post=62"}],"wp:featuredmedia":[{"embeddable":true,"href":"https:\/\/azarboutique.com\/ar\/wp-json\/wp\/v2\/media\/67"}],"wp:attachment":[{"href":"https:\/\/azarboutique.com\/ar\/wp-json\/wp\/v2\/media?parent=62"}],"wp:term":[{"taxonomy":"product_brand","embeddable":true,"href":"https:\/\/azarboutique.com\/ar\/wp-json\/wp\/v2\/product_brand?post=62"},{"taxonomy":"product_cat","embeddable":true,"href":"https:\/\/azarboutique.com\/ar\/wp-json\/wp\/v2\/product_cat?post=62"},{"taxonomy":"product_tag","embeddable":true,"href":"https:\/\/azarboutique.com\/ar\/wp-json\/wp\/v2\/product_tag?post=62"}],"curies":[{"name":"wp","href":"https:\/\/api.w.org\/{rel}","templated":true}]}}